{"id":987,"date":"2024-10-22T23:08:46","date_gmt":"2024-10-22T23:08:46","guid":{"rendered":"https:\/\/handballargentina.org\/eneha\/?page_id=987"},"modified":"2025-03-04T21:39:35","modified_gmt":"2025-03-04T21:39:35","slug":"cursos-autoasistidos","status":"publish","type":"page","link":"https:\/\/handballargentina.org\/eneha\/cursos-autoasistidos\/","title":{"rendered":"Cursos autoasistidos"},"content":{"rendered":"\n<p>La ENEHA como ente capacitador de nuestro deporte desarrolla distintos <strong>Cursos autoasistidos<\/strong> sobre diferentes tem\u00e1ticas para que todos los actores del Handball y deportes afines que puedan capacitarse a lo largo y ancho del pa\u00eds y de acuerdo a como cada Asociaci\u00f3n o Federaci\u00f3n disponga.<\/p>\n\n\n\n<p>Con el objeto de jerarquizar a los diferentes estamentos del Handball, la ENEHA considera pertinente el desarrollo de temas tan importantes para nuestro \u00e1mbito deportivo que creemos conveniente e imprescindible la capacitaci\u00f3n de todos\/as los\/as participantes de un partido, cualquiera sea su funci\u00f3n.<\/p>\n\n\n\n<p>El cursante deber\u00e1 tomar el curso observando todo el desarrollo de este y al finalizar deber\u00e1 contestar una serie de preguntas aleatorias con el objeto de aprobar la cursada.<\/p>\n\n\n\n<p>Una vez finalizado el mismo se entregar\u00e1 un comprobante de aprobaci\u00f3n y el certificado correspondiente que cada cursante usar\u00e1 de acuerdo a como cada Asociaci\u00f3n o Federaci\u00f3n lo disponga.<\/p>\n\n\n\n<ul class=\"wp-block-list\">\n<li>Los <strong>cursos autoasistidos son para todo interesado en hacerlo previo registro<\/strong>.<\/li>\n\n\n\n<li>Los cursos son <strong>gratuitos<\/strong>. <\/li>\n\n\n\n<li>Una vez completados y finalizados se entregar\u00e1 del curso realizado una certificaci\u00f3n.<\/li>\n\n\n\n<li>Algunos de los cursos implican una evaluaci\u00f3n.<\/li>\n\n\n\n<li>Seg\u00fan el curso podr\u00e1 observarse un l\u00edmite de edad para su realizaci\u00f3n.<\/li>\n<\/ul>\n\n\n\n<p><strong>Listado de cursos disponibles:<\/strong><\/p>\n\n\n\n<ul class=\"wp-block-list\">\n<li>Dirigencia deportiva (gesti\u00f3n y gobernanza de las instituciones) <\/li>\n\n\n\n<li>Fair Play<\/li>\n\n\n\n<li>Racismo en el deporte<\/li>\n\n\n\n<li>Curso Oficiales de Mesa. (Obligatorio para algunas Afiliadas)<\/li>\n<\/ul>\n\n\n\n<p><a href=\"https:\/\/eneha.educativa.org\/catalogo.cgi\" target=\"_blank\" rel=\"noreferrer noopener\"><strong>ACCEDER AL AULA VIRTUAL DE ENEHA | CURSOS AUTOASISTIDOS<\/strong><\/a><\/p>\n","protected":false},"excerpt":{"rendered":"<p>La ENEHA como ente capacitador de nuestro deporte desarrolla distintos Cursos autoasistidos sobre diferentes tem\u00e1ticas para que todos los actores del Handball y deportes afines que puedan capacitarse a lo largo y ancho del pa\u00eds y de acuerdo a como cada Asociaci\u00f3n o Federaci\u00f3n disponga. Con el objeto de jerarquizar a los diferentes estamentos del Handball, la ENEHA considera pertinente [&hellip;]<\/p>\n","protected":false},"author":2,"featured_media":1004,"parent":0,"menu_order":0,"comment_status":"closed","ping_status":"closed","template":"","meta":{"footnotes":""},"class_list":["post-987","page","type-page","status-publish","has-post-thumbnail","hentry"],"_links":{"self":[{"href":"https:\/\/handballargentina.org\/eneha\/wp-json\/wp\/v2\/pages\/987","targetHints":{"allow":["GET"]}}],"collection":[{"href":"https:\/\/handballargentina.org\/eneha\/wp-json\/wp\/v2\/pages"}],"about":[{"href":"https:\/\/handballargentina.org\/eneha\/wp-json\/wp\/v2\/types\/page"}],"author":[{"embeddable":true,"href":"https:\/\/handballargentina.org\/eneha\/wp-json\/wp\/v2\/users\/2"}],"replies":[{"embeddable":true,"href":"https:\/\/handballargentina.org\/eneha\/wp-json\/wp\/v2\/comments?post=987"}],"version-history":[{"count":3,"href":"https:\/\/handballargentina.org\/eneha\/wp-json\/wp\/v2\/pages\/987\/revisions"}],"predecessor-version":[{"id":1035,"href":"https:\/\/handballargentina.org\/eneha\/wp-json\/wp\/v2\/pages\/987\/revisions\/1035"}],"wp:featuredmedia":[{"embeddable":true,"href":"https:\/\/handballargentina.org\/eneha\/wp-json\/wp\/v2\/media\/1004"}],"wp:attachment":[{"href":"https:\/\/handballargentina.org\/eneha\/wp-json\/wp\/v2\/media?parent=987"}],"curies":[{"name":"wp","href":"https:\/\/api.w.org\/{rel}","templated":true}]}}