{"id":628,"date":"2023-09-12T15:16:14","date_gmt":"2023-09-12T15:16:14","guid":{"rendered":"https:\/\/handballargentina.org\/eneha\/?page_id=628"},"modified":"2026-03-26T18:23:10","modified_gmt":"2026-03-26T18:23:10","slug":"inscripciones","status":"publish","type":"page","link":"https:\/\/handballargentina.org\/eneha\/inscripciones\/","title":{"rendered":"Inscripci\u00f3n"},"content":{"rendered":"\n<p><a href=\"https:\/\/handballargentina.org\/eneha\/calendario-2026\/\" target=\"_blank\" rel=\"noreferrer noopener\"><strong>REQUISITOS DE INSCRIPCION<\/strong><\/a><\/p>\n\n\n\n<p><strong>IMPORTANTE:<\/strong><\/p>\n\n\n\n<ol style=\"list-style-type:lower-alpha\" class=\"wp-block-list\">\n<li>Los <strong>Enlaces de INSCRIPCI\u00d3N<\/strong> de cada uno de los NIVELES se <strong>HABILITAR\u00c1N<\/strong> en las <strong>FECHAS CORRESPONDIENTES<\/strong> (Ver calendario)<\/li>\n\n\n\n<li><strong>VACANTES LIMITADAS<\/strong> (90 por cohorte)<\/li>\n\n\n\n<li>De exceder el n\u00famero de VACANTES se tendr\u00e1 en cuenta el <strong>estricto orden de INSCRIPCI\u00d3N (d\u00eda-fecha-hora).<\/strong><\/li>\n\n\n\n<li><strong>RECORDATORIO: deber\u00e1n estar CATEGORIZADOS antes de INSCRIBIRSE<\/strong>.<\/li>\n\n\n\n<li>Para CATEGORIZARSE el enlace para enviar el CV lo encontrar\u00e1n en esta web<\/li>\n<\/ol>\n\n\n\n<p><strong>Del 23 al 31 de marzo de 2026 se encuentra abierta la preinscripci\u00f3n para Recursantes Nivel 1, 2 y 3 indoor. Se solicita leer previamente los <a href=\"https:\/\/handballargentina.org\/eneha\/wp-content\/uploads\/2026\/02\/REQUISITOS-INSCRIPCION-2026.pdf\" target=\"_blank\" rel=\"noreferrer noopener\">requisitos de inscripci\u00f3n<\/a> y el <a href=\"https:\/\/handballargentina.org\/eneha\/reglamento\/\" target=\"_blank\" rel=\"noreferrer noopener\">reglamento de ense\u00f1anza<\/a> de la instituci\u00f3n.<\/strong><\/p>\n\n\n\n<p><strong>FORMULARIO DE INSCRIPCION<\/strong><\/p>\n\n\n\n<p><strong>Recursantes Nivel 1, 2 y 3:<\/strong> <a href=\"https:\/\/docs.google.com\/forms\/d\/e\/1FAIpQLScIp0z1-G9NGl9kYeSa8JdcvPmVuFuDYSZ19LJUEF254AREDA\/viewform\" target=\"_blank\" rel=\"noreferrer noopener\">Formulario de preinscripci\u00f3n Recursantes Nivel 1, 2 y 3 ENEHA 2026<\/a><\/p>\n\n\n\n<p><strong>IMPORTANTE: La preinscripci\u00f3n para los Cursos Nivel 1, 2 y 3 (indoor) del 2026 ha finalizado.<\/strong><\/p>\n","protected":false},"excerpt":{"rendered":"<p>REQUISITOS DE INSCRIPCION IMPORTANTE: Del 23 al 31 de marzo de 2026 se encuentra abierta la preinscripci\u00f3n para Recursantes Nivel 1, 2 y 3 indoor. Se solicita leer previamente los requisitos de inscripci\u00f3n y el reglamento de ense\u00f1anza de la instituci\u00f3n. FORMULARIO DE INSCRIPCION Recursantes Nivel 1, 2 y 3: Formulario de preinscripci\u00f3n Recursantes Nivel 1, 2 y 3 ENEHA [&hellip;]<\/p>\n","protected":false},"author":2,"featured_media":1010,"parent":0,"menu_order":0,"comment_status":"closed","ping_status":"closed","template":"","meta":{"footnotes":""},"class_list":["post-628","page","type-page","status-publish","has-post-thumbnail","hentry"],"_links":{"self":[{"href":"https:\/\/handballargentina.org\/eneha\/wp-json\/wp\/v2\/pages\/628","targetHints":{"allow":["GET"]}}],"collection":[{"href":"https:\/\/handballargentina.org\/eneha\/wp-json\/wp\/v2\/pages"}],"about":[{"href":"https:\/\/handballargentina.org\/eneha\/wp-json\/wp\/v2\/types\/page"}],"author":[{"embeddable":true,"href":"https:\/\/handballargentina.org\/eneha\/wp-json\/wp\/v2\/users\/2"}],"replies":[{"embeddable":true,"href":"https:\/\/handballargentina.org\/eneha\/wp-json\/wp\/v2\/comments?post=628"}],"version-history":[{"count":74,"href":"https:\/\/handballargentina.org\/eneha\/wp-json\/wp\/v2\/pages\/628\/revisions"}],"predecessor-version":[{"id":1234,"href":"https:\/\/handballargentina.org\/eneha\/wp-json\/wp\/v2\/pages\/628\/revisions\/1234"}],"wp:featuredmedia":[{"embeddable":true,"href":"https:\/\/handballargentina.org\/eneha\/wp-json\/wp\/v2\/media\/1010"}],"wp:attachment":[{"href":"https:\/\/handballargentina.org\/eneha\/wp-json\/wp\/v2\/media?parent=628"}],"curies":[{"name":"wp","href":"https:\/\/api.w.org\/{rel}","templated":true}]}}