{"id":625,"date":"2023-09-12T15:15:12","date_gmt":"2023-09-12T15:15:12","guid":{"rendered":"https:\/\/handballargentina.org\/eneha\/?page_id=625"},"modified":"2026-02-23T18:37:35","modified_gmt":"2026-02-23T18:37:35","slug":"categorizacion","status":"publish","type":"page","link":"https:\/\/handballargentina.org\/eneha\/categorizacion\/","title":{"rendered":"Categorizaci\u00f3n"},"content":{"rendered":"\n<p>Para ser categorizado en los registros de la ENEHA deber\u00e1 completar el formulario al final de la p\u00e1gina, de acuerdo al siguiente cronograma:<\/p>\n\n\n\n<p><br><strong>Handball Indoor<\/strong><br>Per\u00edodo de categorizaci\u00f3n: del 1 enero al 31 de diciembre<\/p>\n\n\n\n<p><strong>Beach Handball<\/strong><br>Per\u00edodo de categorizaci\u00f3n: del 1 de enero al 31 de octubre<\/p>\n\n\n\n<p>Se deber\u00e1n respetar los tiempos indicados y no se resolver\u00e1n categorizaciones fuera de dicho per\u00edodo.<\/p>\n\n\n\n<p>Completa este formulario si ya tenes un <strong>nivel alcanzado<\/strong> para quedar inscripto en el Registro \u00danico de Entrenadores e Instructores a Nivel Nacional que comenzar\u00e1 a funcionar de manera obligatoria en el 2024 o si vas a comenzar a cursar algunos de nuestros cursos para que se te nivele.<\/p>\n\n\n\n<p><strong>Recordar:<\/strong><br><\/p>\n\n\n\n<p>Completar con informaci\u00f3n referida espec\u00edficamente al handball, al deporte en general o a la Educaci\u00f3n F\u00edsica.<\/p>\n\n\n\n<p>Incluir foto individual de frente (tipo 4&#215;4).<\/p>\n\n\n\n<p>Al declarar un titulo especificar a\u00f1o de titulaci\u00f3n.<\/p>\n\n\n\n<p>Es importante en otros t\u00edtulos cargar (si tiene) cursos de nivelaci\u00f3n de la ENEHA. Si ha realizado los cursos del nivel 1-2 o 3 debe incluirlos en el CV.<\/p>\n\n\n\n<p><strong>Formulario de categorizaci\u00f3n<\/strong> (complete debajo o <a href=\"https:\/\/registro-entrenador.sistemahandballargentina.org\/\">cliquee aqu\u00ed<\/a>)<\/p>\n\n\n\n<iframe src=\"https:\/\/registro-entrenador.sistemahandballargentina.org\/\" width=\"100%\" height=\"850\"><\/iframe>\n\n\n\n<ul class=\"wp-block-list\">\n<li><a href=\"https:\/\/docs.google.com\/forms\/u\/2\/d\/e\/1FAIpQLScAgxzkwawFWFnP1zand_2avt0nQ0KnRlS0zrVPF0ueCN1W7Q\/viewform\">Formulario de actualizaci\u00f3n de documentaci\u00f3n de CV<\/a> (\u00fanicamente para aquellos que ya se encuentren en el sistema RUNIE)<\/li>\n<\/ul>\n","protected":false},"excerpt":{"rendered":"<p>Para ser categorizado en los registros de la ENEHA deber\u00e1 completar el formulario al final de la p\u00e1gina, de acuerdo al siguiente cronograma: Handball IndoorPer\u00edodo de categorizaci\u00f3n: del 1 enero al 31 de diciembre Beach HandballPer\u00edodo de categorizaci\u00f3n: del 1 de enero al 31 de octubre Se deber\u00e1n respetar los tiempos indicados y no se resolver\u00e1n categorizaciones fuera de dicho [&hellip;]<\/p>\n","protected":false},"author":2,"featured_media":0,"parent":0,"menu_order":0,"comment_status":"closed","ping_status":"closed","template":"","meta":{"footnotes":""},"class_list":["post-625","page","type-page","status-publish","hentry"],"_links":{"self":[{"href":"https:\/\/handballargentina.org\/eneha\/wp-json\/wp\/v2\/pages\/625","targetHints":{"allow":["GET"]}}],"collection":[{"href":"https:\/\/handballargentina.org\/eneha\/wp-json\/wp\/v2\/pages"}],"about":[{"href":"https:\/\/handballargentina.org\/eneha\/wp-json\/wp\/v2\/types\/page"}],"author":[{"embeddable":true,"href":"https:\/\/handballargentina.org\/eneha\/wp-json\/wp\/v2\/users\/2"}],"replies":[{"embeddable":true,"href":"https:\/\/handballargentina.org\/eneha\/wp-json\/wp\/v2\/comments?post=625"}],"version-history":[{"count":37,"href":"https:\/\/handballargentina.org\/eneha\/wp-json\/wp\/v2\/pages\/625\/revisions"}],"predecessor-version":[{"id":1192,"href":"https:\/\/handballargentina.org\/eneha\/wp-json\/wp\/v2\/pages\/625\/revisions\/1192"}],"wp:attachment":[{"href":"https:\/\/handballargentina.org\/eneha\/wp-json\/wp\/v2\/media?parent=625"}],"curies":[{"name":"wp","href":"https:\/\/api.w.org\/{rel}","templated":true}]}}