{"id":622,"date":"2023-09-12T15:12:15","date_gmt":"2023-09-12T15:12:15","guid":{"rendered":"https:\/\/handballargentina.org\/eneha\/?page_id=622"},"modified":"2026-02-23T18:11:33","modified_gmt":"2026-02-23T18:11:33","slug":"calendario-2025","status":"publish","type":"page","link":"https:\/\/handballargentina.org\/eneha\/calendario-2025\/","title":{"rendered":"Calendario 2025"},"content":{"rendered":"\n<p>Este es el calendario de la ENEHA en el presente ciclo lectivo (ver en detalle cada \u00edtem m\u00e1s abajo):<\/p>\n\n\n\n<figure class=\"wp-block-table\"><table><tbody><tr><td><strong>MOTIVO<\/strong><\/td><td><strong>FECHA<\/strong><\/td><\/tr><tr><td><strong>RECATEGORIZACION DE ENTRENADORES<\/strong><\/td><td>DEL 31 DE JULIO al 31 DE DICIEMBRE<\/td><\/tr><tr><td><strong>CATEGORIZACION DE ENTRENADORES<\/strong><\/td><td>DEL 1 DE ENERO AL 31 DE DICIEMBRE<\/td><\/tr><tr><td><strong>ACTUALIZACI\u00d3N NIVELACIONES NACIONALES<\/strong><\/td><td>ACTUALIZACIONES DIARIAS<\/td><\/tr><tr><td><strong>INSCRIPCI\u00d3N DE ALUMNOS REGULARES PARA LOS NIVELES 1, 2 Y 3<\/strong><\/td><td>19 DE FEBRERO AL 24 DE MARZO<\/td><\/tr><tr><td><strong>INSCRIPCI\u00d3N DE ALUMNOS RECURSANTES NIVELES 1, 2 Y 3<\/strong><\/td><td>19 DE FEBRERO EN ADELANTE<\/td><\/tr><tr><td><strong>CIERRE DE INSCRIPCI\u00d3N NIVELES 1, 2 Y 3<\/strong><\/td><td>24 DE MARZO<\/td><\/tr><tr><td><strong>CIERRE DE INSCRIPCI\u00d3N <strong>RECURSANTES NIVELES 1, 2 Y 3<\/strong><\/strong><\/td><td>A CONFIRMAR<\/td><\/tr><tr><td><strong>INICIO CICLO LECTIVO<\/strong><\/td><td>1 DE ABRIL<\/td><\/tr><tr><td><strong>INSCRIPCI\u00d3N BEACH HANDBALL NIVEL 2<\/strong><\/td><td>9 AL 28 DE ABRIL<\/td><\/tr><tr><td><strong>CIERRE DE INSCRIPCI\u00d3N BEACH HANDBALL NIVEL 2<\/strong><\/td><td>28 DE ABRIL<\/td><\/tr><\/tbody><\/table><\/figure>\n\n\n\n<p><strong>ACLARACI\u00d3N: FECHAS DE FINALIZACI\u00d3N<\/strong>: en la fecha estipulada o en su d\u00eda h\u00e1bil posterior.<\/p>\n\n\n\n<p>Es la intenci\u00f3n al establecer este CRONOGRAMA ANUAL, ordenar las actividades de la ENEHA y que todos los Instructoras\/es y Entrenadoras\/es puedan ordenar sus agendas relacionadas con la participaci\u00f3n en las capacitaciones que la Escuela Nacional de Entrenadores brinda a trav\u00e9s de la CONFEDERACI\u00d3N ARGENTINA DE HANDBALL.<\/p>\n\n\n\n<p>Es importante determinar conceptualmente que significa cada una de las opciones LEER DETENIDAMENTE<\/p>\n\n\n\n<p><\/p>\n\n\n\n<p><strong>RECATEGORIZACI\u00d3N<\/strong><\/p>\n\n\n\n<p>SOLO PARA INSTRUCTORAS\/ES ENTRENADORAS\/ES QUE POSEEN NIVEL 1 Y\/O 2<\/p>\n\n\n\n<p>Es la posibilidad que tienen las\/os Instructoras\/es y Entrenadoras\/es de todo el pa\u00eds, que ya han sido categorizados en alguna oportunidad y deseen incorporar nueva documentaci\u00f3n a su CV.<\/p>\n\n\n\n<p><\/p>\n\n\n\n<p><strong>CATEGORIZACI\u00d3N<\/strong><\/p>\n\n\n\n<p>S\u00d3LO PARA QUIENES NO POSEEN NIVEL, ES DECIR QUE DESEAN INGRESAN POR 1\u00b0 VEZ AL SISTEMA:<\/p>\n\n\n\n<p>Es para todos aquellas\/os INSTRUCTORAS\/ES Y ENTRENADORAS\/ES que <strong>NO SE ENCUENTRAN<\/strong> estudiando en alguno de los Niveles que la ENEHA posee y deseen obtener su Nivelaci\u00f3n.<\/p>\n\n\n\n<p><\/p>\n\n\n\n<p><strong>RECURSANTES:<\/strong><\/p>\n\n\n\n<p><strong>&nbsp;<\/strong>Es para todos aquellas\/os alumnas\/os regulares que adeudaren hasta <strong>TRES ASIGNATURAS<\/strong> del plan de estudios, en cualesquiera de los Niveles y que no sean correlativas al ciclo de estudios posterior.<\/p>\n\n\n\n<p><\/p>\n\n\n\n<p><strong>ACTUALIZACI\u00d3N DE HABILITACIONES NACIONALES:<\/strong><\/p>\n\n\n\n<p><a style=\"font-size: 1rem;\" href=\"https:\/\/handballargentina.org\/eneha\/entrenadores-habilitados\/\">Publicaci\u00f3n Oficial ACTUALIZACIONES SEMANALES <\/a>(\u00daNICA V\u00c1LIDA)<\/p>\n\n\n\n<p><\/p>\n","protected":false},"excerpt":{"rendered":"<p>Este es el calendario de la ENEHA en el presente ciclo lectivo (ver en detalle cada \u00edtem m\u00e1s abajo): MOTIVO FECHA RECATEGORIZACION DE ENTRENADORES DEL 31 DE JULIO al 31 DE DICIEMBRE CATEGORIZACION DE ENTRENADORES DEL 1 DE ENERO AL 31 DE DICIEMBRE ACTUALIZACI\u00d3N NIVELACIONES NACIONALES ACTUALIZACIONES DIARIAS INSCRIPCI\u00d3N DE ALUMNOS REGULARES PARA LOS NIVELES 1, 2 Y 3 19 [&hellip;]<\/p>\n","protected":false},"author":2,"featured_media":0,"parent":0,"menu_order":0,"comment_status":"closed","ping_status":"closed","template":"","meta":{"footnotes":""},"class_list":["post-622","page","type-page","status-publish","hentry"],"_links":{"self":[{"href":"https:\/\/handballargentina.org\/eneha\/wp-json\/wp\/v2\/pages\/622","targetHints":{"allow":["GET"]}}],"collection":[{"href":"https:\/\/handballargentina.org\/eneha\/wp-json\/wp\/v2\/pages"}],"about":[{"href":"https:\/\/handballargentina.org\/eneha\/wp-json\/wp\/v2\/types\/page"}],"author":[{"embeddable":true,"href":"https:\/\/handballargentina.org\/eneha\/wp-json\/wp\/v2\/users\/2"}],"replies":[{"embeddable":true,"href":"https:\/\/handballargentina.org\/eneha\/wp-json\/wp\/v2\/comments?post=622"}],"version-history":[{"count":28,"href":"https:\/\/handballargentina.org\/eneha\/wp-json\/wp\/v2\/pages\/622\/revisions"}],"predecessor-version":[{"id":1185,"href":"https:\/\/handballargentina.org\/eneha\/wp-json\/wp\/v2\/pages\/622\/revisions\/1185"}],"wp:attachment":[{"href":"https:\/\/handballargentina.org\/eneha\/wp-json\/wp\/v2\/media?parent=622"}],"curies":[{"name":"wp","href":"https:\/\/api.w.org\/{rel}","templated":true}]}}