{"id":410,"date":"2023-09-11T15:02:32","date_gmt":"2023-09-11T15:02:32","guid":{"rendered":"https:\/\/handballargentina.org\/eneha\/?page_id=410"},"modified":"2023-11-15T13:53:36","modified_gmt":"2023-11-15T13:53:36","slug":"diplomatura-universitaria","status":"publish","type":"page","link":"https:\/\/handballargentina.org\/eneha\/diplomatura-universitaria\/","title":{"rendered":"Diplomatura universitaria"},"content":{"rendered":"\n<p><strong>SOLICITUD DE CERTIFICACI\u00d3N DIPLOMATURA:<\/strong><\/p>\n\n\n\n<div id=\"section-g9af75d\" class=\"wp-block-gutentor-e1 section-g9af75d gutentor-element gutentor-element-advanced-text\"><div class=\"gutentor-text-wrap\"><p class=\"gutentor-text\">El NIVEL 3 de la ENEHA otorga la posibilidad de solicitar la convalidaci\u00f3n con el Ministerio de Educaci\u00f3n de la Naci\u00f3n, obteniendo Diplomatura Superior en Entrenador\/a de Handball.<br><br><strong>REQUISITOS:\u00a0<\/strong><br>&#8211; Poseer T\u00edtulo de Licenciado y\/o Profesor de Educaci\u00f3n F\u00edsica,<br>&#8211; Ser egresado del NIVEL 3 (a partir de la Cohorte 2020),\u00a0<br>&#8211; Completar el formulario que se adjunta a efectos de elevar la solicitud al Ministerio y obtener la Certificaci\u00f3n correspondiente.<br><\/p><\/div><\/div>\n\n\n\n<p><a href=\"https:\/\/docs.google.com\/forms\/d\/e\/1FAIpQLSfwyuwpkTdzSM0Nn_LKupvuSAUa3OozZ5wv_p4IBQhh_wsqDw\/viewform\">https:\/\/docs.google.com\/forms\/d\/e\/1FAIpQLSfwyuwpkTdzSM0Nn_LKupvuSAUa3OozZ5wv_p4IBQhh_wsqDw\/viewform<\/a><\/p>\n\n\n\n<p><strong>RESOLUCI\u00d3N:<\/strong><\/p>\n\n\n\n<div data-wp-interactive=\"core\/file\" class=\"wp-block-file\"><object data-wp-bind--hidden=\"!state.hasPdfPreview\" hidden class=\"wp-block-file__embed\" data=\"https:\/\/handballargentina.org\/eneha\/wp-content\/uploads\/2023\/09\/Acta_CS_66-2021.pdf\" type=\"application\/pdf\" style=\"width:100%;height:600px\" aria-label=\"Incrustado de Acta_CS_66-2021.\"><\/object><a id=\"wp-block-file--media-e8d3943a-6279-4ce2-b6e5-b589d509040e\" href=\"https:\/\/handballargentina.org\/eneha\/wp-content\/uploads\/2023\/09\/Acta_CS_66-2021.pdf\">Acta_CS_66-2021<\/a><a href=\"https:\/\/handballargentina.org\/eneha\/wp-content\/uploads\/2023\/09\/Acta_CS_66-2021.pdf\" class=\"wp-block-file__button wp-element-button\" download aria-describedby=\"wp-block-file--media-e8d3943a-6279-4ce2-b6e5-b589d509040e\">Descarga<\/a><\/div>\n\n\n\n<div data-wp-interactive=\"core\/file\" class=\"wp-block-file\"><object data-wp-bind--hidden=\"!state.hasPdfPreview\" hidden class=\"wp-block-file__embed\" data=\"https:\/\/handballargentina.org\/eneha\/wp-content\/uploads\/2023\/09\/NO-2023-14109561-APN-DNGUME_DIPLOMATURA_SUPERIOR_HANDBALL.pdf\" type=\"application\/pdf\" style=\"width:100%;height:600px\" aria-label=\"Incrustado de NO-2023-14109561-APN-DNGUME_DIPLOMATURA_SUPERIOR_HANDBALL.\"><\/object><a id=\"wp-block-file--media-1364c145-4be1-4644-86fa-f95cae8fb577\" href=\"https:\/\/handballargentina.org\/eneha\/wp-content\/uploads\/2023\/09\/NO-2023-14109561-APN-DNGUME_DIPLOMATURA_SUPERIOR_HANDBALL.pdf\">NO-2023-14109561-APN-DNGUME_DIPLOMATURA_SUPERIOR_HANDBALL<\/a><a href=\"https:\/\/handballargentina.org\/eneha\/wp-content\/uploads\/2023\/09\/NO-2023-14109561-APN-DNGUME_DIPLOMATURA_SUPERIOR_HANDBALL.pdf\" class=\"wp-block-file__button wp-element-button\" download aria-describedby=\"wp-block-file--media-1364c145-4be1-4644-86fa-f95cae8fb577\">Descarga<\/a><\/div>\n\n\n\n<div data-wp-interactive=\"core\/file\" class=\"wp-block-file\"><object data-wp-bind--hidden=\"!state.hasPdfPreview\" hidden class=\"wp-block-file__embed\" data=\"https:\/\/handballargentina.org\/eneha\/wp-content\/uploads\/2023\/09\/YMCA-CAH-DIPLOMATURA-EXTENSION-UNIVERSITARIA.pdf\" type=\"application\/pdf\" style=\"width:100%;height:600px\" aria-label=\"Incrustado de YMCA-CAH-DIPLOMATURA-EXTENSION-UNIVERSITARIA.\"><\/object><a id=\"wp-block-file--media-2e049245-84cd-408b-8e4c-31c28b869d8f\" href=\"https:\/\/handballargentina.org\/eneha\/wp-content\/uploads\/2023\/09\/YMCA-CAH-DIPLOMATURA-EXTENSION-UNIVERSITARIA.pdf\">YMCA-CAH-DIPLOMATURA-EXTENSION-UNIVERSITARIA<\/a><a href=\"https:\/\/handballargentina.org\/eneha\/wp-content\/uploads\/2023\/09\/YMCA-CAH-DIPLOMATURA-EXTENSION-UNIVERSITARIA.pdf\" class=\"wp-block-file__button wp-element-button\" download aria-describedby=\"wp-block-file--media-2e049245-84cd-408b-8e4c-31c28b869d8f\">Descarga<\/a><\/div>\n","protected":false},"excerpt":{"rendered":"<p>SOLICITUD DE CERTIFICACI\u00d3N DIPLOMATURA: https:\/\/docs.google.com\/forms\/d\/e\/1FAIpQLSfwyuwpkTdzSM0Nn_LKupvuSAUa3OozZ5wv_p4IBQhh_wsqDw\/viewform RESOLUCI\u00d3N:<\/p>\n","protected":false},"author":2,"featured_media":0,"parent":0,"menu_order":0,"comment_status":"closed","ping_status":"closed","template":"","meta":{"footnotes":""},"class_list":["post-410","page","type-page","status-publish","hentry"],"_links":{"self":[{"href":"https:\/\/handballargentina.org\/eneha\/wp-json\/wp\/v2\/pages\/410","targetHints":{"allow":["GET"]}}],"collection":[{"href":"https:\/\/handballargentina.org\/eneha\/wp-json\/wp\/v2\/pages"}],"about":[{"href":"https:\/\/handballargentina.org\/eneha\/wp-json\/wp\/v2\/types\/page"}],"author":[{"embeddable":true,"href":"https:\/\/handballargentina.org\/eneha\/wp-json\/wp\/v2\/users\/2"}],"replies":[{"embeddable":true,"href":"https:\/\/handballargentina.org\/eneha\/wp-json\/wp\/v2\/comments?post=410"}],"version-history":[{"count":14,"href":"https:\/\/handballargentina.org\/eneha\/wp-json\/wp\/v2\/pages\/410\/revisions"}],"predecessor-version":[{"id":722,"href":"https:\/\/handballargentina.org\/eneha\/wp-json\/wp\/v2\/pages\/410\/revisions\/722"}],"wp:attachment":[{"href":"https:\/\/handballargentina.org\/eneha\/wp-json\/wp\/v2\/media?parent=410"}],"curies":[{"name":"wp","href":"https:\/\/api.w.org\/{rel}","templated":true}]}}