{"id":163,"date":"2021-05-18T10:02:56","date_gmt":"2021-05-18T10:02:56","guid":{"rendered":"http:\/\/localhost\/wordpress\/?page_id=459"},"modified":"2023-11-28T22:52:35","modified_gmt":"2023-11-28T22:52:35","slug":"about","status":"publish","type":"page","link":"https:\/\/handballargentina.org\/eneha\/about\/","title":{"rendered":"La Escuela"},"content":{"rendered":"\n<section id=\"gm14492db\" class=\"wp-block-gutentor-m3 section-gm14492db gutentor-module gutentor-container-cover has-image-bg has-custom-bg has-gutentor-overlay\"><div class=\"grid-container\">\n<div id=\"section-g6bf8b8\" class=\"wp-block-gutentor-e1 section-g6bf8b8 gutentor-element gutentor-element-advanced-text text-align-left-desktop text-align-left-tablet text-align-center-mobile\"><div class=\"gutentor-text-wrap\"><h2 class=\"gutentor-text\"><strong>La Escuela<\/strong><\/h2><\/div><\/div>\n<\/div><\/section>\n\n\n\n<section id=\"gmd427303\" class=\"wp-block-gutentor-m4 section-gmd427303 gutentor-module gutentor-advanced-columns\"><div class=\"grid-container\"><div class=\"grid-row\">\n<div id=\"col-gm88aa7b\" class=\"wp-block-gutentor-m4-col col-gm88aa7b gutentor-single-column  grid-lg-6 grid-md-12 grid-12\"><div id=\"section-gm88aa7b\" class=\"section-gm88aa7b gutentor-col-wrap\">\n<div id=\"section-g8117a5\" class=\"wp-block-gutentor-e1 section-g8117a5 gutentor-element gutentor-element-advanced-text text-align-left-desktop text-align-left-tablet text-align-left-mobile\"><div class=\"gutentor-text-wrap\"><p class=\"gutentor-text\"><strong><mark class=\"has-inline-color has-black-color\">PERFIL INSTITUCIONAL&nbsp;<\/mark><\/strong><\/p><\/div><\/div>\n\n\n\n<div id=\"section-gd88ff5\" class=\"wp-block-gutentor-e1 section-gd88ff5 gutentor-element gutentor-element-advanced-text text-align-left-desktop text-align-left-tablet text-align-left-mobile\"><div class=\"gutentor-text-wrap\"><h2 class=\"gutentor-text\">ENEHA<\/h2><\/div><\/div>\n\n\n\n<div id=\"section-g70ce57\" class=\"wp-block-gutentor-e1 section-g70ce57 gutentor-element gutentor-element-advanced-text\"><div class=\"gutentor-text-wrap\"><p class=\"gutentor-text\">Entidad de neto corte pedag\u00f3gico que brinda capacitaciones a todo el pa\u00eds.<br><br>De esta manera se genera en toda la Argentina la formaci\u00f3n de Entrenadores de Handball con un perfil educativo\/deportivo.\u00a0<\/p><\/div><\/div>\n<\/div><\/div>\n\n\n\n<div id=\"col-gm225888\" class=\"wp-block-gutentor-m4-col col-gm225888 gutentor-single-column  grid-lg-6 grid-md-12 grid-12\"><div id=\"section-gm225888\" class=\"section-gm225888 gutentor-col-wrap\">\n<div class=\"wp-block-columns is-layout-flex wp-container-core-columns-is-layout-9d6595d7 wp-block-columns-is-layout-flex\">\n<div class=\"wp-block-column is-layout-flow wp-block-column-is-layout-flow\" style=\"flex-basis:100%\">\n<div id=\"section-g2bce1d\" class=\"wp-block-gutentor-e6 section-g2bce1d gutentor-element gutentor-element-image text-align-center-desktop text-align-center-tablet text-align-center-mobile\"><div class=\"gutentor-element-image-box\"><div class=\"gutentor-image-thumb\"><img decoding=\"async\" class=\"normal-image\" src=\"https:\/\/handballargentina.org\/eneha\/wp-content\/uploads\/2023\/04\/Eneha-LOGOS-04-1.png\" \/><\/div><\/div><\/div>\n<\/div>\n<\/div>\n<\/div><\/div>\n<\/div><\/div><\/section>\n\n\n\n<section id=\"gm01b9232\" class=\"wp-block-gutentor-m2 alignfull section-gm01b9232 gutentor-module gutentor-dynamic-columns has-image-bg has-custom-bg has-gutentor-overlay\"><div class=\"grid-container\"><div class=\"grid-row\">\n<div id=\"col-gma95c81\" class=\"wp-block-gutentor-m2-col col-gma95c81 gutentor-module gutentor-dynamic-single-column grid-lg-4 grid-md-6 grid-12\"><div id=\"section-gma95c81\" class=\"section-gma95c81 gutentor-single-col has-gutentor-overlay\">\n<div id=\"section-gc601b9\" class=\"wp-block-gutentor-e1 section-gc601b9 gutentor-element gutentor-element-advanced-text text-align-left-desktop text-align-left-tablet text-align-left-mobile\"><div class=\"gutentor-text-wrap\"><h2 class=\"gutentor-text\"><mark class=\"has-inline-color has-black-color\">01<\/mark><\/h2><\/div><\/div>\n\n\n\n<div id=\"section-g02378d\" class=\"wp-block-gutentor-e1 section-g02378d gutentor-element gutentor-element-advanced-text text-align-center-desktop text-align-left-tablet text-align-left-mobile\"><div class=\"gutentor-text-wrap\"><a class=\"gutentor-element-advanced-text-link\" href=\"#\"><h3 class=\"gutentor-text\">ENEHA<\/h3><\/a><\/div><\/div>\n\n\n\n<div id=\"section-gb00f17\" class=\"wp-block-gutentor-e1 section-gb00f17 gutentor-element gutentor-element-advanced-text\"><div class=\"gutentor-text-wrap\"><p class=\"gutentor-text\"><strong>La ENEHA es una Organizaci\u00f3n que se propone:&nbsp;<\/strong><br>Crear un espacio educativo de excelencia acad\u00e9mica que contribuya a la formaci\u00f3n de Entrenadores en Handball, que por su nivel de calificaci\u00f3n logren intervenir con eficiencia y eficacia en los procesos de ense\u00f1anza, aprendizaje y de entrenamiento de los jugadores de este deporte.&nbsp;<br>Generar un deporte en donde prevalezcan los valores del mismo.&nbsp;<br>Fomentar que el entrenador debe ser un EDUCADOR en todas las etapas y niveles, para la generaci\u00f3n de buenas personas adem\u00e1s de buenos jugadores, ya que ellos ser\u00e1n la representaci\u00f3n de su club, de su provincia, del pa\u00eds&nbsp;<\/p><\/div><\/div>\n<\/div><\/div>\n\n\n\n<div id=\"col-gm49735f\" class=\"wp-block-gutentor-m2-col col-gm49735f gutentor-module gutentor-dynamic-single-column grid-lg-4 grid-md-6 grid-12\"><div id=\"section-gm49735f\" class=\"section-gm49735f gutentor-single-col has-gutentor-overlay\">\n<div id=\"section-g873e77\" class=\"wp-block-gutentor-e1 section-g873e77 gutentor-element gutentor-element-advanced-text text-align-left-desktop text-align-left-tablet text-align-left-mobile\"><div class=\"gutentor-text-wrap\"><h2 class=\"gutentor-text\"><mark class=\"has-inline-color has-black-color\">02<\/mark><\/h2><\/div><\/div>\n\n\n\n<div id=\"section-g9be323\" class=\"wp-block-gutentor-e1 section-g9be323 gutentor-element gutentor-element-advanced-text text-align-center-desktop text-align-left-tablet text-align-left-mobile\"><div class=\"gutentor-text-wrap\"><a class=\"gutentor-element-advanced-text-link\" href=\"#\"><h3 class=\"gutentor-text\">MISI\u00d3N<\/h3><\/a><\/div><\/div>\n\n\n\n<div id=\"section-g99faba\" class=\"wp-block-gutentor-e1 section-g99faba gutentor-element gutentor-element-advanced-text\"><div class=\"gutentor-text-wrap\"><p class=\"gutentor-text\">La Escuela Nacional de Entrenadores de Handball tiene como Misi\u00f3n:&nbsp;<br>Satisfacer las necesidades detectadas en la comunidad de nuestro deporte, con respecto a la formaci\u00f3n profesional de las personas a cargo de la ense\u00f1anza y el entrenamiento del handball en la iniciaci\u00f3n, categor\u00edas formativas, y los distintos niveles competitivos de los Clubes, Federaciones y\/o Asociaciones de todo el pa\u00eds.&nbsp;<br>Esta misi\u00f3n lleva a que los entrenadores sean los naturales jefes de equipos interdisciplinarios en el crecimiento al que aspiramos.&nbsp;<br>De este modo la ENEHA se constituye naturalmente en el organismo capaz de generar y regular la formaci\u00f3n acad\u00e9mica de los entrenadores.&nbsp;<\/p><\/div><\/div>\n<\/div><\/div>\n\n\n\n<div id=\"col-gme73f85\" class=\"wp-block-gutentor-m2-col col-gme73f85 gutentor-module gutentor-dynamic-single-column grid-lg-4 grid-md-6 grid-12\"><div id=\"section-gme73f85\" class=\"section-gme73f85 gutentor-single-col has-color-bg has-custom-bg\">\n<div id=\"section-gdfc149\" class=\"wp-block-gutentor-e1 section-gdfc149 gutentor-element gutentor-element-advanced-text text-align-left-desktop text-align-left-tablet text-align-left-mobile\"><div class=\"gutentor-text-wrap\"><h2 class=\"gutentor-text\"><mark class=\"has-inline-color has-black-color\">03<\/mark><\/h2><\/div><\/div>\n\n\n\n<div id=\"section-gd468e5\" class=\"wp-block-gutentor-e1 section-gd468e5 gutentor-element gutentor-element-advanced-text text-align-center-desktop text-align-left-tablet text-align-left-mobile\"><div class=\"gutentor-text-wrap\"><a class=\"gutentor-element-advanced-text-link\" href=\"#\"><h3 class=\"gutentor-text\">DESTINATARIOS<\/h3><\/a><\/div><\/div>\n\n\n\n<div id=\"section-gedcdbe\" class=\"wp-block-gutentor-e1 section-gedcdbe gutentor-element gutentor-element-advanced-text\"><div class=\"gutentor-text-wrap\"><p class=\"gutentor-text\">Egresados del nivel secundario que sean o hayan sido jugadores de handball.&nbsp;<br>Estudiantes o egresados de profesorados y\/o universidades de Educaci\u00f3n F\u00edsica.&nbsp;<br>Entrenadores que necesiten convalidar, revalidar y\/o actualizarse.&nbsp;<br>Jugadores y\/o ex jugadores de Handball.&nbsp;<br>\u00c1rbitros que deseen capacitarse en el aspecto t\u00e9cnico t\u00e1ctico del juego, adem\u00e1s de las otras \u00e1reas de la capacitaci\u00f3n propiamente dicha.&nbsp;<\/p><\/div><\/div>\n<\/div><\/div>\n\n\n\n<div id=\"col-gmc7092f\" class=\"wp-block-gutentor-m2-col col-gmc7092f gutentor-module gutentor-dynamic-single-column grid-lg-4 grid-md-6 grid-12\"><div id=\"section-gmc7092f\" class=\"section-gmc7092f gutentor-single-col has-color-bg has-custom-bg\">\n<div id=\"section-g82b782\" class=\"wp-block-gutentor-e1 section-g82b782 gutentor-element gutentor-element-advanced-text text-align-left-desktop text-align-left-tablet text-align-left-mobile\"><div class=\"gutentor-text-wrap\"><h2 class=\"gutentor-text\"><mark class=\"has-inline-color has-black-color\">04<\/mark><\/h2><\/div><\/div>\n\n\n\n<div id=\"section-g6fc4c7\" class=\"wp-block-gutentor-e1 section-g6fc4c7 gutentor-element gutentor-element-advanced-text text-align-center-desktop text-align-left-tablet text-align-left-mobile\"><div class=\"gutentor-text-wrap\"><a class=\"gutentor-element-advanced-text-link\" href=\"#\"><h3 class=\"gutentor-text\">OBJETIVOS INSTITUCIONALES<\/h3><\/a><\/div><\/div>\n\n\n\n<div id=\"section-g1f07d9\" class=\"wp-block-gutentor-e1 section-g1f07d9 gutentor-element gutentor-element-advanced-text\"><div class=\"gutentor-text-wrap\"><p class=\"gutentor-text\">a)&nbsp;&nbsp;&nbsp;&nbsp;&nbsp;Formar integralmente al Entrenador, contemplando aspectos \u00e9ticos, afectivos, intelectivos y motrices, imprescindibles para el desempe\u00f1o de su rol.&nbsp;<br>b)&nbsp;&nbsp;&nbsp;&nbsp;&nbsp;Capacitar al Entrenador para que, ejerciendo su rol, implemente la \u201ceducaci\u00f3n del y por el movimiento\u201d, tomando a \u00e9ste bajo la forma sistematizada conocida como el deporte Handball.&nbsp;<br>c)&nbsp;&nbsp;&nbsp;&nbsp;&nbsp;Capacitar al Entrenador para que, ejerciendo su rol, implemente planificada y met\u00f3dicamente, tanto la ense\u00f1anza del Handball como el entrenamiento de quienes lo practican en los distintos niveles competitivos.&nbsp;<br>d)&nbsp;&nbsp;&nbsp;&nbsp;&nbsp;Fomentar la producci\u00f3n de conocimientos (investigaci\u00f3n) con referencia a la ense\u00f1anza y entrenamiento en Handball, a partir de la revisi\u00f3n constante de las CONFEDERACI\u00d3N ARGENTINA DE HANDBALL, Escuela Nacional de Entrenadores en Handball de Argentino \u201cProf. Alfredo Miri\u201d.&nbsp;<br>e)&nbsp;&nbsp;&nbsp;&nbsp;&nbsp;Asesorar a la C.A.H en materia t\u00e9cnica y en todo lo referido a la formaci\u00f3n de profesionales para la conducci\u00f3n, ense\u00f1anza y entrenamiento del Handball.&nbsp;<\/p><\/div><\/div>\n<\/div><\/div>\n\n\n\n<div id=\"col-gmc3cedf\" class=\"wp-block-gutentor-m2-col col-gmc3cedf gutentor-module gutentor-dynamic-single-column grid-lg-4 grid-md-6 grid-12\"><div id=\"section-gmc3cedf\" class=\"section-gmc3cedf gutentor-single-col has-color-bg has-custom-bg\">\n<div id=\"section-g05b993\" class=\"wp-block-gutentor-e1 section-g05b993 gutentor-element gutentor-element-advanced-text text-align-left-desktop text-align-left-tablet text-align-left-mobile\"><div class=\"gutentor-text-wrap\"><h2 class=\"gutentor-text\"><mark class=\"has-inline-color has-black-color\">05<\/mark><\/h2><\/div><\/div>\n\n\n\n<div id=\"section-gb98494\" class=\"wp-block-gutentor-e1 section-gb98494 gutentor-element gutentor-element-advanced-text text-align-center-desktop text-align-left-tablet text-align-left-mobile\"><div class=\"gutentor-text-wrap\"><a class=\"gutentor-element-advanced-text-link\" href=\"#\"><h3 class=\"gutentor-text\">OBJETIVOS EDUCACIONALES<\/h3><\/a><\/div><\/div>\n\n\n\n<div id=\"section-g16856f\" class=\"wp-block-gutentor-e1 section-g16856f gutentor-element gutentor-element-advanced-text\"><div class=\"gutentor-text-wrap\"><p class=\"gutentor-text\">a)&nbsp;&nbsp;&nbsp;&nbsp;&nbsp;Comprender los alcances e implicancias deportivas, laborales y sociales del rol de Entrenador en Handball.&nbsp;<br>b)&nbsp;&nbsp;&nbsp;&nbsp;&nbsp;Descubrir la necesidad de una formaci\u00f3n propia de la educaci\u00f3n de calidad para cimentar el desarrollo de una verdadera profesi\u00f3n.&nbsp;<br>c)&nbsp;&nbsp;&nbsp;&nbsp;&nbsp;Analizar las implicancias del Handball como medio de la educaci\u00f3n permanente y no formal.&nbsp;<br>d)&nbsp;&nbsp;&nbsp;&nbsp;&nbsp;Determinar los aspectos m\u00e1s relevantes para la ense\u00f1anza del Handball y el entrenamiento del jugador en distintos niveles competitivos y contextos.&nbsp;<br>e)&nbsp;&nbsp;&nbsp;&nbsp;&nbsp;Aplicar conocimientos de los campos pedag\u00f3gico, psicol\u00f3gico, fisiol\u00f3gico y social al proceso de planeamiento, organizaci\u00f3n y conducci\u00f3n de la ense\u00f1anza y\/o entrenamiento del Handball.&nbsp;<br>f)&nbsp;&nbsp;&nbsp;&nbsp;&nbsp;&nbsp;Interpretar la complejidad de los distintos contextos donde se practica el Handball y de los distintos niveles de competencia, a partir del an\u00e1lisis del marco jur\u00eddico que influencia o regula las pr\u00e1cticas y de la pol\u00edtica deportiva vigente en el pa\u00eds.&nbsp;<br>g)&nbsp;&nbsp;&nbsp;&nbsp;&nbsp;Fomentar la producci\u00f3n de conocimientos (investigaci\u00f3n) con referencia a la ense\u00f1anza y entrenamiento en Handball, a partir de la revisi\u00f3n constante de las propias pr\u00e1cticas.&nbsp;<br>h)&nbsp;&nbsp;&nbsp;&nbsp;&nbsp;Dise\u00f1ar y ejecutar proyectos de investigaci\u00f3n que permitan aportar conocimientos y explicar los resultados obtenidos en la ense\u00f1anza o el entrenamiento de un equipo de Handball.&nbsp;<\/p><\/div><\/div>\n<\/div><\/div>\n\n\n\n<div id=\"col-gm65b497\" class=\"wp-block-gutentor-m2-col col-gm65b497 gutentor-module gutentor-dynamic-single-column grid-lg-4 grid-md-6 grid-12\"><div id=\"section-gm65b497\" class=\"section-gm65b497 gutentor-single-col has-color-bg has-custom-bg\">\n<div id=\"section-g9e0e98\" class=\"wp-block-gutentor-e1 section-g9e0e98 gutentor-element gutentor-element-advanced-text text-align-left-desktop text-align-left-tablet text-align-left-mobile\"><div class=\"gutentor-text-wrap\"><h2 class=\"gutentor-text\"><mark class=\"has-inline-color has-black-color\">06<\/mark><\/h2><\/div><\/div>\n\n\n\n<div id=\"section-g39049c\" class=\"wp-block-gutentor-e1 section-g39049c gutentor-element gutentor-element-advanced-text text-align-center-desktop text-align-left-tablet text-align-left-mobile\"><div class=\"gutentor-text-wrap\"><a class=\"gutentor-element-advanced-text-link\" href=\"#\"><h3 class=\"gutentor-text\">OBJETIVOS<\/h3><\/a><\/div><\/div>\n\n\n\n<div id=\"section-g1bdb88\" class=\"wp-block-gutentor-e1 section-g1bdb88 gutentor-element gutentor-element-advanced-text\"><div class=\"gutentor-text-wrap\"><p class=\"gutentor-text\">a) Crear un espacio educativo de excelencia acad\u00e9mica que contribuya a la formaci\u00f3n de Entrenadores en Handball, que por su nivel de calificaci\u00f3n logren intervenir con eficiencia y eficacia en los procesos de ense\u00f1anza, aprendizaje y de entrenamiento de los jugadores de este deporte.&nbsp;<br>b) Generar un deporte en donde prevalezcan los valores del mismo.&nbsp;<br>Fomentar que el entrenador debe ser un EDUCADOR en todas las etapas y niveles, para la generaci\u00f3n de buenas personas adem\u00e1s de buenos jugadores, ya que ellos ser\u00e1n la representaci\u00f3n de su club, de su provincia, del pa\u00eds&nbsp;<br>c) Incluir en la formaci\u00f3n los aspectos pedag\u00f3gico \/ did\u00e1ctico, psicol\u00f3gicos, de administraci\u00f3n y planificaci\u00f3n, aspectos m\u00e9dicos, preparaci\u00f3n f\u00edsica, la conformaci\u00f3n de un equipo interdisciplinario de conducci\u00f3n y como gestionarlo, coaching y marketing deportivo, an\u00e1lisis de videos y estad\u00edstica.&nbsp;<br>d) Promover el conocimiento y el pensamiento cr\u00edtico en torno al Handball como producto cultural.&nbsp;<br>e) Favorecer la investigaci\u00f3n en todo lo concerniente al deporte Handball, desde un enfoque interdisciplinario que resulte superador de la tensi\u00f3n entre la teor\u00eda y la pr\u00e1ctica, para el logro de resultados v\u00e1lidos en la resoluci\u00f3n de los problemas en cuesti\u00f3n&nbsp;<br>f) Proponer un permanente an\u00e1lisis cr\u00edtico sobre la configuraci\u00f3n del Handball como juego de cooperaci\u00f3n, oposici\u00f3n e invasi\u00f3n, de los contextos en que se desarrolla y del modo de intervenir de los Entrenadores al proponer programas de iniciaci\u00f3n deportiva o de entrenamiento deportivo.&nbsp;<br>g) Dise\u00f1ar y ejecutar proyectos de Formaci\u00f3n T\u00e9cnica Inicial y de Formaci\u00f3n T\u00e9cnica Continua.&nbsp;<br>h) Favorecer la discusi\u00f3n para la mejora del Handball Nacional en todas sus etapas.&nbsp;<br>i) Formar Entrenadores nacionales a trav\u00e9s de un Programa continuo y que posibilite a quienes deseen incorporarse a la Formaci\u00f3n, Entrenamiento y Conducci\u00f3n de Equipos obtener la Acreditaci\u00f3n a tal fin.&nbsp;<br>j) Establecer Alternativas en la Formaci\u00f3n y Acreditaci\u00f3n como Entrenadores \/ Educadores, para posibilitar una igualdad de oportunidades.<\/p><\/div><\/div>\n<\/div><\/div>\n\n\n\n<div id=\"col-gm0d71da\" class=\"wp-block-gutentor-m2-col col-gm0d71da gutentor-module gutentor-dynamic-single-column grid-lg-4 grid-md-6 grid-12\"><div id=\"section-gm0d71da\" class=\"section-gm0d71da gutentor-single-col\"><\/div><\/div>\n<\/div><\/div><\/section>\n\n\n\n<div id=\"section-gae5152\" class=\"wp-block-gutentor-e1 section-gae5152 gutentor-element gutentor-element-advanced-text\"><div class=\"gutentor-text-wrap\"><p class=\"gutentor-text\"><\/p><\/div><\/div>\n\n\n\n<div class=\"wp-block-columns is-layout-flex wp-container-core-columns-is-layout-9d6595d7 wp-block-columns-is-layout-flex\">\n<div class=\"wp-block-column is-layout-flow wp-block-column-is-layout-flow\">\n<section id=\"gm56be463\" class=\"wp-block-gutentor-m4 section-gm56be463 gutentor-module gutentor-advanced-columns\"><div class=\"grid-container\"><div class=\"grid-row\">\n<div id=\"col-gme66b29\" class=\"wp-block-gutentor-m4-col col-gme66b29 gutentor-single-column  grid-lg-12 grid-md-12 grid-12\"><div id=\"section-gme66b29\" class=\"section-gme66b29 gutentor-col-wrap\">\n<div class=\"wp-block-group\"><div class=\"wp-block-group__inner-container is-layout-constrained wp-block-group-is-layout-constrained\">\n<div id=\"section-g8b2e6c\" class=\"wp-block-gutentor-e1 section-g8b2e6c gutentor-element gutentor-element-advanced-text\"><div class=\"gutentor-text-wrap\"><p class=\"gutentor-text\">aaa<br><\/p><\/div><\/div>\n<\/div><\/div>\n<\/div><\/div>\n<\/div><\/div><\/section>\n<\/div>\n<\/div>\n","protected":false},"excerpt":{"rendered":"","protected":false},"author":2,"featured_media":0,"parent":0,"menu_order":0,"comment_status":"closed","ping_status":"closed","template":"template-gutentor-full-width.php","meta":{"footnotes":""},"class_list":["post-163","page","type-page","status-publish","hentry"],"_links":{"self":[{"href":"https:\/\/handballargentina.org\/eneha\/wp-json\/wp\/v2\/pages\/163","targetHints":{"allow":["GET"]}}],"collection":[{"href":"https:\/\/handballargentina.org\/eneha\/wp-json\/wp\/v2\/pages"}],"about":[{"href":"https:\/\/handballargentina.org\/eneha\/wp-json\/wp\/v2\/types\/page"}],"author":[{"embeddable":true,"href":"https:\/\/handballargentina.org\/eneha\/wp-json\/wp\/v2\/users\/2"}],"replies":[{"embeddable":true,"href":"https:\/\/handballargentina.org\/eneha\/wp-json\/wp\/v2\/comments?post=163"}],"version-history":[{"count":28,"href":"https:\/\/handballargentina.org\/eneha\/wp-json\/wp\/v2\/pages\/163\/revisions"}],"predecessor-version":[{"id":728,"href":"https:\/\/handballargentina.org\/eneha\/wp-json\/wp\/v2\/pages\/163\/revisions\/728"}],"wp:attachment":[{"href":"https:\/\/handballargentina.org\/eneha\/wp-json\/wp\/v2\/media?parent=163"}],"curies":[{"name":"wp","href":"https:\/\/api.w.org\/{rel}","templated":true}]}}