{"id":155,"date":"2021-05-20T08:02:25","date_gmt":"2021-05-20T08:02:25","guid":{"rendered":"http:\/\/localhost\/wordpress\/?page_id=720"},"modified":"2025-12-23T17:28:46","modified_gmt":"2025-12-23T17:28:46","slug":"nuestros-cursos","status":"publish","type":"page","link":"https:\/\/handballargentina.org\/eneha\/nuestros-cursos\/","title":{"rendered":"Cursos"},"content":{"rendered":"\n<div id=\"section-g-r9n45dl\" class=\"wp-block-gutentor-e0 section-g-r9n45dl gutentor-element gutentor-element-advanced-text\"><div class=\"gutentor-text-wrap\"><p class=\"gutentor-text\"><strong>\u00bfQui\u00e9nes pueden acceder a los cursos de ENEHA?<\/strong><\/p><\/div><\/div>\n\n\n\n<div id=\"section-g-1zas0su\" class=\"wp-block-gutentor-e0 section-g-1zas0su gutentor-element gutentor-element-advanced-text\"><div class=\"gutentor-text-wrap\"><p class=\"gutentor-text\">A. Egresados del nivel secundario que sean o hayan sido jugadores de handball.<br>B. Estudiantes o egresados de profesorados y\/o universidades de Educaci\u00f3n F\u00edsica.<br>C. Entrenadores que necesiten convalidar, revalidar y\/o actualizarse.<br>D. Jugadores y\/o ex jugadores de Handball.<br>E. \u00c1rbitros que deseen capacitarse en el aspecto t\u00e9cnico t\u00e1ctico del juego, adem\u00e1s de las otras \u00e1reas de la capacitaci\u00f3n propiamente dicha.<br><\/p><\/div><\/div>\n\n\n\n<div class=\"wp-block-group\"><div class=\"wp-block-group__inner-container is-layout-constrained wp-block-group-is-layout-constrained\">\n<div class=\"wp-block-columns is-layout-flex wp-container-core-columns-is-layout-9d6595d7 wp-block-columns-is-layout-flex\">\n<div class=\"wp-block-column is-vertically-aligned-center is-layout-flow wp-block-column-is-layout-flow\" style=\"flex-basis:100%\">\n<div class=\"wp-block-columns is-layout-flex wp-container-core-columns-is-layout-9d6595d7 wp-block-columns-is-layout-flex\">\n<div class=\"wp-block-column is-vertically-aligned-center is-layout-flow wp-block-column-is-layout-flow\" style=\"flex-basis:100%\">\n<div id=\"section-g982b52\" class=\"wp-block-gutentor-e1 section-g982b52 gutentor-element gutentor-element-advanced-text\"><div class=\"gutentor-text-wrap\"><h4 class=\"gutentor-text\"><strong>Instructor Nivel 1 &#8211; ENEHA<\/strong><\/h4><\/div><\/div>\n\n\n\n<div id=\"section-gb0e68a\" class=\"wp-block-gutentor-e1 section-gb0e68a gutentor-element gutentor-element-advanced-text\"><div class=\"gutentor-text-wrap\"><p class=\"gutentor-text\">a) Edad m\u00ednima 18 a\u00f1os.<br>b) Tener t\u00edtulo secundario. Nota: los mayores de 25  que no hayan finalizado los estudios secundarios se tomar\u00e1 en cuenta lo que fija la Ley de Educaci\u00f3n Nacional.<br>c) Profesores de Educaci\u00f3n F\u00edsica sin antecedentes en Pr\u00e1ctica y Ense\u00f1anza de Handball.<br>d) Alumnos de Profesorados de&nbsp;Educaci\u00f3n F\u00edsica.<br>Habilitado para categor\u00edas MINI &#8211; INFANTILES &#8211; MENORES.<\/p><\/div><\/div>\n\n\n\n<div id=\"section-gf91f66\" class=\"wp-block-gutentor-e1 section-gf91f66 gutentor-element gutentor-element-advanced-text\"><div class=\"gutentor-text-wrap\"><h4 class=\"gutentor-text\"><strong>Entrenador Nacional Nivel 2 &#8211; ENEHA<\/strong><\/h4><\/div><\/div>\n\n\n\n<div id=\"section-g7539d1\" class=\"wp-block-gutentor-e1 section-g7539d1 gutentor-element gutentor-element-advanced-text\"><div class=\"gutentor-text-wrap\"><p class=\"gutentor-text\">a) Haber cursado y aprobado el Nivel 1.<br>b) Tener dos a\u00f1os de experiencia m\u00ednima como entrenador de mini, infantiles y\/o menores en torneos locales, provinciales y\/o nacionales.<br>Habilitado para categor\u00edas CADETES\/AS &#8211; JUVENILES.<\/p><\/div><\/div>\n\n\n\n<div id=\"section-g5f6e50\" class=\"wp-block-gutentor-e1 section-g5f6e50 gutentor-element gutentor-element-advanced-text\"><div class=\"gutentor-text-wrap\"><h4 class=\"gutentor-text\"><strong>Entrenador Nacional Nivel 3 &#8211; ENEHA<\/strong><\/h4><\/div><\/div>\n\n\n\n<div id=\"section-geb9fa1\" class=\"wp-block-gutentor-e1 section-geb9fa1 gutentor-element gutentor-element-advanced-text\"><div class=\"gutentor-text-wrap\"><p class=\"gutentor-text\">a) Haber cursado y aprobado el Nivel 2.<br>b) Tener dos a\u00f1os de experiencia m\u00ednima como entrenador de Cadetes\/as y Juveniles en torneos locales, provinciales y\/o nacionales.<br>Habilitado para categor\u00edas Equipos mayores o selecciones provinciales y nacionales, equipos que participen en Campeonatos Argentinos, en Ligas Nacionales y en Torneos Internacionales.&nbsp;<\/p><\/div><\/div>\n\n\n\n<div id=\"section-gb04567\" class=\"wp-block-gutentor-e1 section-gb04567 gutentor-element gutentor-element-advanced-text\"><div class=\"gutentor-text-wrap\"><h4 class=\"gutentor-text\"><strong>Entrenador Nacional Beach Handball &#8211; ENEHA<\/strong><\/h4><\/div><\/div>\n\n\n\n<div id=\"section-g610e60\" class=\"wp-block-gutentor-e1 section-g610e60 gutentor-element gutentor-element-advanced-text\"><div class=\"gutentor-text-wrap\"><p class=\"gutentor-text\">El presente Nivel se desarrollar\u00e1 bajo el cumplimiento de 3 Instancias de estudio a saber: Instancia Com\u00fan Modalidad a Distancia, Instancia Espec\u00edfica Modalidad Presencial e Instancia de Trabajo Aut\u00f3nomo.<br>Las asignaturas&nbsp;del Bloque Com\u00fan&nbsp;y&nbsp;Bloque Espec\u00edfico&nbsp;se&nbsp;cursar\u00e1n en dos M\u00f3dulos cada uno.<br>La asignatura del la&nbsp;Instancia Espec\u00edfica Presencial&nbsp;se llevar\u00e1 a cabo en la fechas a informar.<br>El&nbsp;Bloque de Trabajo Aut\u00f3nomo, est\u00e1 \u00edntimamente relacionado con la&nbsp;Pr\u00e1ctica Profesional.&nbsp;<\/p><\/div><\/div>\n<\/div>\n<\/div>\n<\/div>\n<\/div>\n<\/div><\/div>\n","protected":false},"excerpt":{"rendered":"","protected":false},"author":2,"featured_media":1005,"parent":0,"menu_order":0,"comment_status":"closed","ping_status":"closed","template":"","meta":{"footnotes":""},"class_list":["post-155","page","type-page","status-publish","has-post-thumbnail","hentry"],"_links":{"self":[{"href":"https:\/\/handballargentina.org\/eneha\/wp-json\/wp\/v2\/pages\/155","targetHints":{"allow":["GET"]}}],"collection":[{"href":"https:\/\/handballargentina.org\/eneha\/wp-json\/wp\/v2\/pages"}],"about":[{"href":"https:\/\/handballargentina.org\/eneha\/wp-json\/wp\/v2\/types\/page"}],"author":[{"embeddable":true,"href":"https:\/\/handballargentina.org\/eneha\/wp-json\/wp\/v2\/users\/2"}],"replies":[{"embeddable":true,"href":"https:\/\/handballargentina.org\/eneha\/wp-json\/wp\/v2\/comments?post=155"}],"version-history":[{"count":17,"href":"https:\/\/handballargentina.org\/eneha\/wp-json\/wp\/v2\/pages\/155\/revisions"}],"predecessor-version":[{"id":1148,"href":"https:\/\/handballargentina.org\/eneha\/wp-json\/wp\/v2\/pages\/155\/revisions\/1148"}],"wp:featuredmedia":[{"embeddable":true,"href":"https:\/\/handballargentina.org\/eneha\/wp-json\/wp\/v2\/media\/1005"}],"wp:attachment":[{"href":"https:\/\/handballargentina.org\/eneha\/wp-json\/wp\/v2\/media?parent=155"}],"curies":[{"name":"wp","href":"https:\/\/api.w.org\/{rel}","templated":true}]}}